{"id":1101,"date":"2026-04-16T08:13:59","date_gmt":"2026-04-16T08:13:59","guid":{"rendered":"https:\/\/wilfatec.de\/?page_id=1101"},"modified":"2026-04-16T08:15:46","modified_gmt":"2026-04-16T08:15:46","slug":"impressum","status":"publish","type":"page","link":"https:\/\/wilfatec.de\/en\/impressum\/","title":{"rendered":"Legal Notice"},"content":{"rendered":"<div data-elementor-type=\"wp-page\" data-elementor-id=\"1101\" class=\"elementor elementor-1101\" data-elementor-post-type=\"page\">\n\t\t\t\t<div class=\"elementor-element elementor-element-51106ef8 e-flex e-con-boxed e-con e-parent\" data-id=\"51106ef8\" data-element_type=\"container\" data-e-type=\"container\" data-settings=\"{&quot;background_background&quot;:&quot;classic&quot;}\">\n\t\t\t\t\t<div class=\"e-con-inner\">\n\t\t<div class=\"elementor-element elementor-element-483329e e-con-full e-flex e-con e-child\" data-id=\"483329e\" data-element_type=\"container\" data-e-type=\"container\">\n\t\t\t\t<div class=\"elementor-element elementor-element-4c73a3b8 elementor-widget__width-initial elementor-widget elementor-widget-heading\" data-id=\"4c73a3b8\" data-element_type=\"widget\" data-e-type=\"widget\" data-widget_type=\"heading.default\">\n\t\t\t\t\t<h1 class=\"elementor-heading-title elementor-size-default translation-block\">Unser <b>Impressum<\/b><\/h1>\t\t\t\t<\/div>\n\t\t\t\t<div class=\"elementor-element elementor-element-673c65e5 elementor-widget__width-initial elementor-widget elementor-widget-text-editor\" data-id=\"673c65e5\" data-element_type=\"widget\" data-e-type=\"widget\" data-widget_type=\"text-editor.default\">\n\t\t\t\t\t\t\t\t\t<p class=\"translation-block\">Wilfatec GmbH<br>Klosterhof 35<br>89077 Ulm-S\u00f6flingen<br>Deutschland<br><a href=\"tel:+4973139887910\" target=\"_self\">+4973139887910<br><\/a><a href=\"mailto:info@wilfatec.de\" target=\"_self\">info@wilfatec.de<\/a><\/p><p class=\"\" data-rte-preserve-empty=\"true\">\u00a0<\/p><p class=\"\">Vertretungsberechtigte:<\/p><p class=\"\">J\u00fcrgen Wilhelm, Dennis Wilhelm<\/p><p class=\"\">Umsatzsteuer-Identifikationsnummer gem\u00e4\u00df \u00a7 27a UStG: DE292893582<\/p><p class=\"\">Registergericht: HandelsregisterAmtsgericht Ulm<br \/>Registernummer: HRB 730081<\/p><p class=\"\">F\u00fcr den Inhalt verantwortliche Person i. S. d. \u00a7 18 Abs. 2 MStV: <br \/>Sven Wilhelm, Klosterhof 35, 89077 Ulm\/S\u00f6flingen<\/p><p class=\"translation-block\">Berufshaftpflichtversicherung: <br>Allianz Versicherungs-AG, 10900 Berlin<br>Der r\u00e4umliche Geltungsbereich des Versicherungsschutzes umfasst T\u00e4tigkeiten in R\u00e4umliche Geltung<\/p><p class=\"\">Unsere Social-Media-Pr\u00e4senzen: <br \/>Dieses Impressum gilt auch f\u00fcr die Social Media-Pr\u00e4senzen von Wilfatec GmbH auf <br \/>https:\/\/www.linkedin.com\/company\/wilfatec\/about\/<\/p>\t\t\t\t\t\t\t\t<\/div>\n\t\t\t\t<\/div>\n\t\t\t\t\t<\/div>\n\t\t\t\t<\/div>\n\t\t\t\t<\/div>","protected":false},"excerpt":{"rendered":"<p>Unser Impressum Wilfatec GmbHKlosterhof 3589077 Ulm-S\u00f6flingenDeutschland+4973139887910info@wilfatec.de \u00a0 Vertretungsberechtigte: J\u00fcrgen Wilhelm, Dennis Wilhelm Umsatzsteuer-Identifikationsnummer gem\u00e4\u00df \u00a7 27a UStG: DE292893582 Registergericht: HandelsregisterAmtsgericht UlmRegisternummer: HRB 730081 F\u00fcr den Inhalt verantwortliche Person i. S. d. \u00a7 18 Abs. 2 MStV: Sven Wilhelm, Klosterhof 35, 89077 Ulm\/S\u00f6flingen Berufshaftpflichtversicherung: Allianz Versicherungs-AG, 10900 BerlinDer r\u00e4umliche Geltungsbereich des Versicherungsschutzes umfasst T\u00e4tigkeiten in R\u00e4umliche [&hellip;]<\/p>\n","protected":false},"author":2,"featured_media":0,"parent":0,"menu_order":0,"comment_status":"closed","ping_status":"closed","template":"","meta":{"_acf_changed":false,"_angie_page":false,"footnotes":""},"class_list":["post-1101","page","type-page","status-publish","hentry"],"acf":[],"_links":{"self":[{"href":"https:\/\/wilfatec.de\/en\/wp-json\/wp\/v2\/pages\/1101","targetHints":{"allow":["GET"]}}],"collection":[{"href":"https:\/\/wilfatec.de\/en\/wp-json\/wp\/v2\/pages"}],"about":[{"href":"https:\/\/wilfatec.de\/en\/wp-json\/wp\/v2\/types\/page"}],"author":[{"embeddable":true,"href":"https:\/\/wilfatec.de\/en\/wp-json\/wp\/v2\/users\/2"}],"replies":[{"embeddable":true,"href":"https:\/\/wilfatec.de\/en\/wp-json\/wp\/v2\/comments?post=1101"}],"version-history":[{"count":3,"href":"https:\/\/wilfatec.de\/en\/wp-json\/wp\/v2\/pages\/1101\/revisions"}],"predecessor-version":[{"id":1104,"href":"https:\/\/wilfatec.de\/en\/wp-json\/wp\/v2\/pages\/1101\/revisions\/1104"}],"wp:attachment":[{"href":"https:\/\/wilfatec.de\/en\/wp-json\/wp\/v2\/media?parent=1101"}],"curies":[{"name":"wp","href":"https:\/\/api.w.org\/{rel}","templated":true}]}}